{"id":16108,"date":"2026-02-03T16:27:03","date_gmt":"2026-02-03T14:27:03","guid":{"rendered":"https:\/\/afsafrica.org\/politique-relative-aux-cookies\/"},"modified":"2026-02-19T15:11:15","modified_gmt":"2026-02-19T13:11:15","slug":"politique-relative-aux-cookies","status":"publish","type":"page","link":"https:\/\/afsafrica.org\/fr\/politique-relative-aux-cookies\/","title":{"rendered":"Politique relative aux cookies"},"content":{"rendered":"\t\t<div data-elementor-type=\"wp-page\" data-elementor-id=\"16108\" class=\"elementor elementor-16108 elementor-3050\" data-elementor-post-type=\"page\">\n\t\t\t\t<div class=\"elementor-element elementor-element-73ab575 e-con-full e-flex e-con e-parent\" data-id=\"73ab575\" data-element_type=\"container\" data-e-type=\"container\" data-settings=\"{&quot;background_background&quot;:&quot;classic&quot;}\">\n\t\t\t\t<div class=\"elementor-element elementor-element-08539a9 elementor-widget elementor-widget-spacer\" data-id=\"08539a9\" data-element_type=\"widget\" data-e-type=\"widget\" data-widget_type=\"spacer.default\">\n\t\t\t\t\t\t\t<div class=\"elementor-spacer\">\n\t\t\t<div class=\"elementor-spacer-inner\"><\/div>\n\t\t<\/div>\n\t\t\t\t\t\t<\/div>\n\t\t\t\t<div class=\"elementor-element elementor-element-0661caf elementor-widget elementor-widget-menu-anchor\" data-id=\"0661caf\" data-element_type=\"widget\" data-e-type=\"widget\" data-widget_type=\"menu-anchor.default\">\n\t\t\t\t\t\t\t<div class=\"elementor-menu-anchor\" id=\"Nouscontacter\"><\/div>\n\t\t\t\t\t\t<\/div>\n\t\t<div class=\"elementor-element elementor-element-fb43b40 e-flex e-con-boxed e-con e-child\" data-id=\"fb43b40\" data-element_type=\"container\" data-e-type=\"container\">\n\t\t\t\t\t<div class=\"e-con-inner\">\n\t\t<div class=\"elementor-element elementor-element-0bcfd1c e-con-full e-flex e-con e-child\" data-id=\"0bcfd1c\" data-element_type=\"container\" data-e-type=\"container\">\n\t\t\t\t<div class=\"elementor-element elementor-element-7560dae elementor-widget__width-initial elementor-widget elementor-widget-heading\" data-id=\"7560dae\" data-element_type=\"widget\" data-e-type=\"widget\" data-widget_type=\"heading.default\">\n\t\t\t\t\t<h2 class=\"elementor-heading-title elementor-size-default\">Politique relative aux cookies<\/h2>\t\t\t\t<\/div>\n\t\t\t\t<div class=\"elementor-element elementor-element-7ceefbe elementor-widget elementor-widget-spacer\" data-id=\"7ceefbe\" data-element_type=\"widget\" data-e-type=\"widget\" data-widget_type=\"spacer.default\">\n\t\t\t\t\t\t\t<div class=\"elementor-spacer\">\n\t\t\t<div class=\"elementor-spacer-inner\"><\/div>\n\t\t<\/div>\n\t\t\t\t\t\t<\/div>\n\t\t\t\t<div class=\"elementor-element elementor-element-3b9d819 elementor-widget elementor-widget-text-editor\" data-id=\"3b9d819\" data-element_type=\"widget\" data-e-type=\"widget\" data-widget_type=\"text-editor.default\">\n\t\t\t\t\t\t\t\t\t<h4>1. Introduction<\/h4><p>\u00c0 l\u2019AFSA, nous accordons une grande importance \u00e0 votre vie priv\u00e9e et nous nous engageons \u00e0 prot\u00e9ger vos informations personnelles. Cette politique relative aux cookies explique ce que sont les cookies, comment nous les utilisons sur notre site web et vos choix en la mati\u00e8re. <\/p><h4>2. Que sont les cookies ?<\/h4><p>Les cookies sont de petits fichiers texte plac\u00e9s sur votre appareil (ordinateur, smartphone ou tablette) par les sites web que vous visitez. Ils sont utilis\u00e9s pour am\u00e9liorer l\u2019exp\u00e9rience de l\u2019utilisateur en m\u00e9morisant vos pr\u00e9f\u00e9rences, vos identifiants de connexion et d\u2019autres informations. Les cookies peuvent \u00e9galement nous aider \u00e0 comprendre comment notre site web est utilis\u00e9 et \u00e0 en am\u00e9liorer le fonctionnement.  <\/p><h4>3. Comment nous utilisons les cookies<\/h4><p>Nous utilisons des cookies sur notre site web \u00e0 diverses fins, notamment :<\/p><ul><li><strong>Cookies essentiels :<\/strong> ces cookies sont n\u00e9cessaires au bon fonctionnement du site web et permettent d\u2019activer des fonctionnalit\u00e9s de base telles que les connexions s\u00e9curis\u00e9es et les paniers d\u2019achat.<\/li><li><strong>Cookies de performance :<\/strong> ces cookies nous aident \u00e0 comprendre comment les visiteurs interagissent avec notre site web en recueillant des informations sur les pages les plus souvent visit\u00e9es, la mani\u00e8re dont les visiteurs naviguent sur le site et les \u00e9ventuels messages d\u2019erreur qu\u2019ils rencontrent. Cela nous aide \u00e0 am\u00e9liorer les performances de notre site web. <\/li><li><strong>Cookies fonctionnels :<\/strong> ces cookies permettent au site web de m\u00e9moriser vos pr\u00e9f\u00e9rences et vos choix, tels que les param\u00e8tres de langue ou la s\u00e9lection de la r\u00e9gion, afin de fournir une exp\u00e9rience plus personnalis\u00e9e.<\/li><li><strong>Cookies de ciblage :<\/strong> ces cookies sont utilis\u00e9s pour diffuser des publicit\u00e9s pertinentes pour vous et vos centres d\u2019int\u00e9r\u00eat. Ils peuvent \u00e9galement \u00eatre utilis\u00e9s pour limiter le nombre de fois que vous voyez une publicit\u00e9 et mesurer l\u2019efficacit\u00e9 des campagnes publicitaires. <\/li><\/ul><h4>4. Cookies de tiers<\/h4><p>En plus de nos propres cookies, nous pouvons \u00e9galement utiliser des cookies provenant de services tiers pour am\u00e9liorer les fonctionnalit\u00e9s et recueillir des analyses. Ces cookies tiers sont soumis aux politiques de confidentialit\u00e9 des tiers respectifs. <\/p><h4><strong>5. Vos choix concernant les cookies<\/strong><\/h4><p>Vous avez le droit de d\u00e9cider d\u2019accepter ou de refuser les cookies. Vous pouvez g\u00e9rer vos pr\u00e9f\u00e9rences en mati\u00e8re de cookies via les param\u00e8tres de votre navigateur. La plupart des navigateurs web vous permettent de contr\u00f4ler les cookies par le biais de leurs r\u00e9glages. Toutefois, veuillez noter que la d\u00e9sactivation des cookies peut affecter votre exp\u00e9rience sur notre site web et limiter certaines fonctionnalit\u00e9s.   <\/p><p>Pour en savoir plus sur la gestion des cookies dans votre navigateur, veuillez consulter les liens suivants pour les navigateurs les plus courants :<\/p><ul><li>Google Chrome &#8211; <a href=\"https:\/\/support.google.com\/chrome\/answer\/95647?hl=en\" target=\"_blank\" rel=\"noopener\">(https:\/\/support.google.com\/chrome\/answer\/95647?hl=fr)<\/a><\/li><li>Mozilla Firefox &#8211; <a href=\"https:\/\/support.mozilla.org\/en-US\/kb\/enable-and-disable-cookies-website-preferences\" target=\"_blank\" rel=\"noopener\">(https:\/\/support.mozilla.org\/fr\/kb\/autoriser-bloquer-cookies-preferences-sites)<\/a><\/li><li>Microsoft Edge &#8211; <a href=\"https:\/\/support.microsoft.com\/en-us\/windows\/microsoft-edge-browsing-data-and-privacy-bb8174ba-9d73-dcf2-9b4a-c582b4e640dd\" target=\"_blank\" rel=\"noopener\">(https:\/\/support.microsoft.com\/fr-fr\/help\/4468242\/microsoft-edge-browsing-data-and-privacy)<\/a><\/li><li>Safari &#8211; <a href=\"https:\/\/support.apple.com\/en-gb\/105082\" target=\"_blank\" rel=\"noopener\">(https:\/\/support.apple.com\/fr-fr\/HT201265)<\/a><\/li><\/ul><h4>  6. Modifications de cette politique relative aux cookies<\/h4><p>Nous pouvons mettre \u00e0 jour cette politique relative aux cookies de temps \u00e0 autre pour refl\u00e9ter les changements dans nos pratiques ou pour d\u2019autres raisons op\u00e9rationnelles, juridiques ou r\u00e9glementaires. Nous vous encourageons \u00e0 consulter r\u00e9guli\u00e8rement cette politique pour rester inform\u00e9 de la mani\u00e8re dont nous utilisons les cookies. <\/p><h4>7. Contactez-nous<\/h4><p>Si vous avez des questions concernant cette politique relative aux cookies ou notre utilisation des cookies, veuillez nous contacter.<\/p><p><strong>En utilisant notre site web, vous consentez \u00e0 l\u2019utilisation de cookies telle que d\u00e9crite dans cette politique.<\/strong><\/p>\t\t\t\t\t\t\t\t<\/div>\n\t\t\t\t<div class=\"elementor-element elementor-element-0390a9e elementor-widget elementor-widget-spacer\" data-id=\"0390a9e\" data-element_type=\"widget\" data-e-type=\"widget\" data-widget_type=\"spacer.default\">\n\t\t\t\t\t\t\t<div class=\"elementor-spacer\">\n\t\t\t<div class=\"elementor-spacer-inner\"><\/div>\n\t\t<\/div>\n\t\t\t\t\t\t<\/div>\n\t\t\t\t<div class=\"elementor-element elementor-element-86f0023 elementor-widget elementor-widget-spacer\" data-id=\"86f0023\" data-element_type=\"widget\" data-e-type=\"widget\" data-widget_type=\"spacer.default\">\n\t\t\t\t\t\t\t<div class=\"elementor-spacer\">\n\t\t\t<div class=\"elementor-spacer-inner\"><\/div>\n\t\t<\/div>\n\t\t\t\t\t\t<\/div>\n\t\t\t\t<div class=\"elementor-element elementor-element-e5be438 elementor-widget elementor-widget-spacer\" data-id=\"e5be438\" data-element_type=\"widget\" data-e-type=\"widget\" data-widget_type=\"spacer.default\">\n\t\t\t\t\t\t\t<div class=\"elementor-spacer\">\n\t\t\t<div class=\"elementor-spacer-inner\"><\/div>\n\t\t<\/div>\n\t\t\t\t\t\t<\/div>\n\t\t\t\t<\/div>\n\t\t\t\t\t<\/div>\n\t\t\t\t<\/div>\n\t\t\t\t<\/div>\n\t\t\t\t<\/div>\n\t\t","protected":false},"excerpt":{"rendered":"<p>Politique relative aux cookies 1. Introduction \u00c0 l\u2019AFSA, nous accordons une grande importance \u00e0 votre vie priv\u00e9e et nous nous [&hellip;]<\/p>\n","protected":false},"author":1,"featured_media":0,"parent":0,"menu_order":0,"comment_status":"closed","ping_status":"closed","template":"","meta":{"site-sidebar-layout":"no-sidebar","site-content-layout":"","ast-site-content-layout":"full-width-container","site-content-style":"default","site-sidebar-style":"default","ast-global-header-display":"","ast-banner-title-visibility":"","ast-main-header-display":"","ast-hfb-above-header-display":"","ast-hfb-below-header-display":"","ast-hfb-mobile-header-display":"","site-post-title":"disabled","ast-breadcrumbs-content":"","ast-featured-img":"disabled","footer-sml-layout":"","ast-disable-related-posts":"","theme-transparent-header-meta":"","adv-header-id-meta":"","stick-header-meta":"","header-above-stick-meta":"","header-main-stick-meta":"","header-below-stick-meta":"","astra-migrate-meta-layouts":"default","ast-page-background-enabled":"default","ast-page-background-meta":{"desktop":{"background-color":"var(--ast-global-color-5)","background-image":"","background-repeat":"repeat","background-position":"center center","background-size":"auto","background-attachment":"scroll","background-type":"","background-media":"","overlay-type":"","overlay-color":"","overlay-opacity":"","overlay-gradient":""},"tablet":{"background-color":"","background-image":"","background-repeat":"repeat","background-position":"center center","background-size":"auto","background-attachment":"scroll","background-type":"","background-media":"","overlay-type":"","overlay-color":"","overlay-opacity":"","overlay-gradient":""},"mobile":{"background-color":"","background-image":"","background-repeat":"repeat","background-position":"center center","background-size":"auto","background-attachment":"scroll","background-type":"","background-media":"","overlay-type":"","overlay-color":"","overlay-opacity":"","overlay-gradient":""}},"ast-content-background-meta":{"desktop":{"background-color":"var(--ast-global-color-4)","background-image":"","background-repeat":"repeat","background-position":"center center","background-size":"auto","background-attachment":"scroll","background-type":"","background-media":"","overlay-type":"","overlay-color":"","overlay-opacity":"","overlay-gradient":""},"tablet":{"background-color":"var(--ast-global-color-4)","background-image":"","background-repeat":"repeat","background-position":"center center","background-size":"auto","background-attachment":"scroll","background-type":"","background-media":"","overlay-type":"","overlay-color":"","overlay-opacity":"","overlay-gradient":""},"mobile":{"background-color":"var(--ast-global-color-4)","background-image":"","background-repeat":"repeat","background-position":"center center","background-size":"auto","background-attachment":"scroll","background-type":"","background-media":"","overlay-type":"","overlay-color":"","overlay-opacity":"","overlay-gradient":""}},"footnotes":""},"class_list":["post-16108","page","type-page","status-publish","hentry"],"_links":{"self":[{"href":"https:\/\/afsafrica.org\/fr\/wp-json\/wp\/v2\/pages\/16108","targetHints":{"allow":["GET"]}}],"collection":[{"href":"https:\/\/afsafrica.org\/fr\/wp-json\/wp\/v2\/pages"}],"about":[{"href":"https:\/\/afsafrica.org\/fr\/wp-json\/wp\/v2\/types\/page"}],"author":[{"embeddable":true,"href":"https:\/\/afsafrica.org\/fr\/wp-json\/wp\/v2\/users\/1"}],"replies":[{"embeddable":true,"href":"https:\/\/afsafrica.org\/fr\/wp-json\/wp\/v2\/comments?post=16108"}],"version-history":[{"count":1,"href":"https:\/\/afsafrica.org\/fr\/wp-json\/wp\/v2\/pages\/16108\/revisions"}],"predecessor-version":[{"id":16109,"href":"https:\/\/afsafrica.org\/fr\/wp-json\/wp\/v2\/pages\/16108\/revisions\/16109"}],"wp:attachment":[{"href":"https:\/\/afsafrica.org\/fr\/wp-json\/wp\/v2\/media?parent=16108"}],"curies":[{"name":"wp","href":"https:\/\/api.w.org\/{rel}","templated":true}]}}