{"id":16144,"date":"2026-02-05T10:51:24","date_gmt":"2026-02-05T08:51:24","guid":{"rendered":"https:\/\/afsafrica.org\/avertissement\/"},"modified":"2026-02-19T15:12:20","modified_gmt":"2026-02-19T13:12:20","slug":"avertissement","status":"publish","type":"page","link":"https:\/\/afsafrica.org\/fr\/avertissement\/","title":{"rendered":"Avertissement"},"content":{"rendered":"\t\t<div data-elementor-type=\"wp-page\" data-elementor-id=\"16144\" class=\"elementor elementor-16144 elementor-3270\" data-elementor-post-type=\"page\">\n\t\t\t\t<div class=\"elementor-element elementor-element-73ab575 e-con-full e-flex e-con e-parent\" data-id=\"73ab575\" data-element_type=\"container\" data-e-type=\"container\" data-settings=\"{&quot;background_background&quot;:&quot;classic&quot;}\">\n\t\t\t\t<div class=\"elementor-element elementor-element-08539a9 elementor-widget elementor-widget-spacer\" data-id=\"08539a9\" data-element_type=\"widget\" data-e-type=\"widget\" data-widget_type=\"spacer.default\">\n\t\t\t\t\t\t\t<div class=\"elementor-spacer\">\n\t\t\t<div class=\"elementor-spacer-inner\"><\/div>\n\t\t<\/div>\n\t\t\t\t\t\t<\/div>\n\t\t\t\t<div class=\"elementor-element elementor-element-0661caf elementor-widget elementor-widget-menu-anchor\" data-id=\"0661caf\" data-element_type=\"widget\" data-e-type=\"widget\" data-widget_type=\"menu-anchor.default\">\n\t\t\t\t\t\t\t<div class=\"elementor-menu-anchor\" id=\"Nouscontacter\"><\/div>\n\t\t\t\t\t\t<\/div>\n\t\t<div class=\"elementor-element elementor-element-fb43b40 e-flex e-con-boxed e-con e-child\" data-id=\"fb43b40\" data-element_type=\"container\" data-e-type=\"container\">\n\t\t\t\t\t<div class=\"e-con-inner\">\n\t\t<div class=\"elementor-element elementor-element-0bcfd1c e-con-full e-flex e-con e-child\" data-id=\"0bcfd1c\" data-element_type=\"container\" data-e-type=\"container\">\n\t\t\t\t<div class=\"elementor-element elementor-element-7560dae elementor-widget__width-initial elementor-widget elementor-widget-heading\" data-id=\"7560dae\" data-element_type=\"widget\" data-e-type=\"widget\" data-widget_type=\"heading.default\">\n\t\t\t\t\t<h2 class=\"elementor-heading-title elementor-size-default\">Avertissement<\/h2>\t\t\t\t<\/div>\n\t\t\t\t<div class=\"elementor-element elementor-element-7ceefbe elementor-widget elementor-widget-spacer\" data-id=\"7ceefbe\" data-element_type=\"widget\" data-e-type=\"widget\" data-widget_type=\"spacer.default\">\n\t\t\t\t\t\t\t<div class=\"elementor-spacer\">\n\t\t\t<div class=\"elementor-spacer-inner\"><\/div>\n\t\t<\/div>\n\t\t\t\t\t\t<\/div>\n\t\t\t\t<div class=\"elementor-element elementor-element-3b9d819 elementor-widget elementor-widget-text-editor\" data-id=\"3b9d819\" data-element_type=\"widget\" data-e-type=\"widget\" data-widget_type=\"text-editor.default\">\n\t\t\t\t\t\t\t\t\t<p data-start=\"283\" data-end=\"436\">Les informations contenues sur ce site web sont fournies par l&rsquo;Alliance pour la Souverainet\u00e9 Alimentaire en Afrique (AFSA) \u00e0 des fins d&rsquo;information g\u00e9n\u00e9rale et de plaidoyer uniquement.<\/p><p data-start=\"438\" data-end=\"881\">Bien que l&rsquo;AFSA s&rsquo;efforce d&rsquo;assurer que les informations sur ce site web soient exactes, pertinentes et \u00e0 jour, nous ne faisons aucune d\u00e9claration ou garantie d&rsquo;aucune sorte, expresse ou implicite, concernant l&rsquo;exhaustivit\u00e9, l&rsquo;exactitude, la fiabilit\u00e9, la pertinence ou la disponibilit\u00e9 des informations, publications, ressources ou contenus connexes figurant sur le site web. Toute confiance que vous accordez \u00e0 ces informations est donc strictement \u00e0 vos propres risques. <\/p><p data-start=\"883\" data-end=\"1218\">Les points de vue et opinions exprim\u00e9s dans les articles, d\u00e9clarations, publications ou autres contenus de ce site web ne refl\u00e8tent pas n\u00e9cessairement la position officielle de l&rsquo;AFSA, sauf indication explicite. Le contenu fourni par des partenaires, des membres ou des tiers est fourni \u00e0 titre informatif uniquement et ne constitue pas une approbation de la part de l&rsquo;AFSA. <\/p><p data-start=\"1220\" data-end=\"1484\">Ce site web peut inclure des liens vers des sites web externes qui ne sont pas sous le contr\u00f4le de l&rsquo;AFSA. L&rsquo;AFSA n&rsquo;a aucun contr\u00f4le sur la nature, le contenu ou la disponibilit\u00e9 de ces sites et n&rsquo;accepte aucune responsabilit\u00e9 pour toute perte ou dommage pouvant d\u00e9couler de leur utilisation. <\/p><p data-start=\"1486\" data-end=\"1640\">Rien sur ce site web ne constitue un conseil juridique, financier ou professionnel. Les utilisateurs sont encourag\u00e9s \u00e0 demander un avis ind\u00e9pendant appropri\u00e9 si n\u00e9cessaire. <\/p><p data-start=\"1642\" data-end=\"1860\">L&rsquo;AFSA ne sera pas responsable de toute perte ou dommage, y compris, sans limitation, les pertes ou dommages indirects ou cons\u00e9cutifs, r\u00e9sultant de l&rsquo;utilisation ou de l&rsquo;incapacit\u00e9 d&rsquo;utiliser ce site web ou les informations qu&rsquo;il contient.<\/p>\t\t\t\t\t\t\t\t<\/div>\n\t\t\t\t<div class=\"elementor-element elementor-element-0390a9e elementor-widget elementor-widget-spacer\" data-id=\"0390a9e\" data-element_type=\"widget\" data-e-type=\"widget\" data-widget_type=\"spacer.default\">\n\t\t\t\t\t\t\t<div class=\"elementor-spacer\">\n\t\t\t<div class=\"elementor-spacer-inner\"><\/div>\n\t\t<\/div>\n\t\t\t\t\t\t<\/div>\n\t\t\t\t<div class=\"elementor-element elementor-element-86f0023 elementor-widget elementor-widget-spacer\" data-id=\"86f0023\" data-element_type=\"widget\" data-e-type=\"widget\" data-widget_type=\"spacer.default\">\n\t\t\t\t\t\t\t<div class=\"elementor-spacer\">\n\t\t\t<div class=\"elementor-spacer-inner\"><\/div>\n\t\t<\/div>\n\t\t\t\t\t\t<\/div>\n\t\t\t\t<div class=\"elementor-element elementor-element-e5be438 elementor-widget elementor-widget-spacer\" data-id=\"e5be438\" data-element_type=\"widget\" data-e-type=\"widget\" data-widget_type=\"spacer.default\">\n\t\t\t\t\t\t\t<div class=\"elementor-spacer\">\n\t\t\t<div class=\"elementor-spacer-inner\"><\/div>\n\t\t<\/div>\n\t\t\t\t\t\t<\/div>\n\t\t\t\t<\/div>\n\t\t\t\t\t<\/div>\n\t\t\t\t<\/div>\n\t\t\t\t<\/div>\n\t\t\t\t<\/div>\n\t\t","protected":false},"excerpt":{"rendered":"<p>Avertissement Les informations contenues sur ce site web sont fournies par l&rsquo;Alliance pour la Souverainet\u00e9 Alimentaire en Afrique (AFSA) \u00e0 [&hellip;]<\/p>\n","protected":false},"author":1,"featured_media":0,"parent":0,"menu_order":0,"comment_status":"closed","ping_status":"closed","template":"","meta":{"site-sidebar-layout":"no-sidebar","site-content-layout":"","ast-site-content-layout":"full-width-container","site-content-style":"default","site-sidebar-style":"default","ast-global-header-display":"","ast-banner-title-visibility":"","ast-main-header-display":"","ast-hfb-above-header-display":"","ast-hfb-below-header-display":"","ast-hfb-mobile-header-display":"","site-post-title":"disabled","ast-breadcrumbs-content":"","ast-featured-img":"disabled","footer-sml-layout":"","ast-disable-related-posts":"","theme-transparent-header-meta":"","adv-header-id-meta":"","stick-header-meta":"","header-above-stick-meta":"","header-main-stick-meta":"","header-below-stick-meta":"","astra-migrate-meta-layouts":"default","ast-page-background-enabled":"default","ast-page-background-meta":{"desktop":{"background-color":"var(--ast-global-color-5)","background-image":"","background-repeat":"repeat","background-position":"center center","background-size":"auto","background-attachment":"scroll","background-type":"","background-media":"","overlay-type":"","overlay-color":"","overlay-opacity":"","overlay-gradient":""},"tablet":{"background-color":"","background-image":"","background-repeat":"repeat","background-position":"center center","background-size":"auto","background-attachment":"scroll","background-type":"","background-media":"","overlay-type":"","overlay-color":"","overlay-opacity":"","overlay-gradient":""},"mobile":{"background-color":"","background-image":"","background-repeat":"repeat","background-position":"center center","background-size":"auto","background-attachment":"scroll","background-type":"","background-media":"","overlay-type":"","overlay-color":"","overlay-opacity":"","overlay-gradient":""}},"ast-content-background-meta":{"desktop":{"background-color":"var(--ast-global-color-4)","background-image":"","background-repeat":"repeat","background-position":"center center","background-size":"auto","background-attachment":"scroll","background-type":"","background-media":"","overlay-type":"","overlay-color":"","overlay-opacity":"","overlay-gradient":""},"tablet":{"background-color":"var(--ast-global-color-4)","background-image":"","background-repeat":"repeat","background-position":"center center","background-size":"auto","background-attachment":"scroll","background-type":"","background-media":"","overlay-type":"","overlay-color":"","overlay-opacity":"","overlay-gradient":""},"mobile":{"background-color":"var(--ast-global-color-4)","background-image":"","background-repeat":"repeat","background-position":"center center","background-size":"auto","background-attachment":"scroll","background-type":"","background-media":"","overlay-type":"","overlay-color":"","overlay-opacity":"","overlay-gradient":""}},"footnotes":""},"class_list":["post-16144","page","type-page","status-publish","hentry"],"_links":{"self":[{"href":"https:\/\/afsafrica.org\/fr\/wp-json\/wp\/v2\/pages\/16144","targetHints":{"allow":["GET"]}}],"collection":[{"href":"https:\/\/afsafrica.org\/fr\/wp-json\/wp\/v2\/pages"}],"about":[{"href":"https:\/\/afsafrica.org\/fr\/wp-json\/wp\/v2\/types\/page"}],"author":[{"embeddable":true,"href":"https:\/\/afsafrica.org\/fr\/wp-json\/wp\/v2\/users\/1"}],"replies":[{"embeddable":true,"href":"https:\/\/afsafrica.org\/fr\/wp-json\/wp\/v2\/comments?post=16144"}],"version-history":[{"count":1,"href":"https:\/\/afsafrica.org\/fr\/wp-json\/wp\/v2\/pages\/16144\/revisions"}],"predecessor-version":[{"id":16145,"href":"https:\/\/afsafrica.org\/fr\/wp-json\/wp\/v2\/pages\/16144\/revisions\/16145"}],"wp:attachment":[{"href":"https:\/\/afsafrica.org\/fr\/wp-json\/wp\/v2\/media?parent=16144"}],"curies":[{"name":"wp","href":"https:\/\/api.w.org\/{rel}","templated":true}]}}